{"id":37,"date":"2019-05-08T12:37:45","date_gmt":"2019-05-08T12:37:45","guid":{"rendered":"http:\/\/skigildejuelich.zems-gmbh.eu\/?page_id=37"},"modified":"2023-09-19T13:03:24","modified_gmt":"2023-09-19T13:03:24","slug":"vorstand","status":"publish","type":"page","link":"https:\/\/skigilde-juelich.de\/?page_id=37","title":{"rendered":"Vorstand"},"content":{"rendered":"\r\n<h2 class=\"wp-block-heading\">\u00a0<\/h2>\r\n\r\n\r\n\r\n<h2 class=\"wp-block-heading\">gem\u00e4\u00df Jahreshauptversammlung 2022<\/h2>\r\n\r\n\r\n\r\n<figure class=\"wp-block-table aligncenter is-style-stripes\">\r\n<table>\r\n<tbody>\r\n<tr>\r\n<td width=\"233\">\r\n<p><strong><em>Erster Vorsitzender:<\/em><\/strong><\/p>\r\n<\/td>\r\n<td colspan=\"2\" width=\"263\">\r\n<p><strong><em>Gerhard Hertel<\/em><\/strong><\/p>\r\n<p><em>Haus Ores II, 52382 Niederzier Krauthausen<\/em><\/p>\r\n<p><em>Mobil: \u00a00172 6317532<\/em><\/p>\r\n<p><a href=\"mailto:1.Vorsitzender@ski-gilde-juelich.de\">1.Vorsitzender@ski-gilde-juelich.de<\/a><\/p>\r\n<\/td>\r\n<td width=\"230\">\r\n<p>Wahlperiode: Block 1<\/p>\r\n<p>&nbsp;<\/p>\r\n<p>&nbsp;<\/p>\r\n<\/td>\r\n<\/tr>\r\n<tr>\r\n<td width=\"233\">\r\n<p><strong><em>Zweite Vorsitzende:<\/em><\/strong><\/p>\r\n<\/td>\r\n<td colspan=\"2\" width=\"263\">\r\n<p><strong><em>Katja Klafki <\/em><\/strong><\/p>\r\n<p><em>Wendelinusstr. 17, 52428 J\u00fclich<\/em><\/p>\r\n<p><em>Tel.: +49 (2461) 6869108<\/em><\/p>\r\n<p><em>Mobil: +49 015771308979<\/em><\/p>\r\n<p><a href=\"mailto:2.Vorsitzende@ski-gilde-juelich.de\">2.Vorsitzende@ski-gilde-juelich.de<\/a><\/p>\r\n<\/td>\r\n<td width=\"230\">\r\n<p>Wahlperiode: Block 2<\/p>\r\n<p>&nbsp;<\/p>\r\n<p>&nbsp;<\/p>\r\n<\/td>\r\n<\/tr>\r\n<tr>\r\n<td width=\"233\">\r\n<p><strong><em>Kassenwart:<\/em><\/strong><\/p>\r\n<\/td>\r\n<td colspan=\"2\" width=\"263\">\r\n<p><strong><em>Armin M\u00fcller<\/em><\/strong><\/p>\r\n<p><em>Brunnenstra\u00dfe 93, 50181 Bedburg<\/em><\/p>\r\n<p><em>Tel.: 02272\/999934, <\/em><\/p>\r\n<p><em>Mobil 0173 5855077<\/em><\/p>\r\n<p><a href=\"mailto:Kassenwart@ski-gilde-juelich.de\">Kassenwart@ski-gilde-juelich.de<\/a><\/p>\r\n<\/td>\r\n<td width=\"230\">\r\n<p>Wahlperiode: Block 2<\/p>\r\n<p>&nbsp;<\/p>\r\n<p>&nbsp;<\/p>\r\n<\/td>\r\n<\/tr>\r\n<tr>\r\n<td width=\"233\">\r\n<p><strong><em>Schriftf\u00fchrer<\/em><\/strong><\/p>\r\n<\/td>\r\n<td colspan=\"2\" width=\"263\">\r\n<p><strong><em>Birgit Henssen<\/em><\/strong><\/p>\r\n<p><em>Staudenweg 24, 52428 J\u00fclich Bourheim<\/em><\/p>\r\n<p><em>Tel.: <\/em><em>02461\/8354<\/em><\/p>\r\n<p><em>Mobil: 0177 3181240<\/em><\/p>\r\n<p><a href=\"mailto:Schriftfuehrer@ski-gilde-juelich.de\"><em>Schriftfuehrer@ski-gilde-juelich.de<\/em><\/a><\/p>\r\n<\/td>\r\n<td width=\"230\">\r\n<p>Wahlperiode: Block 1<\/p>\r\n<p>Gesch\u00e4ftsadresse<\/p>\r\n<p>&nbsp;<\/p>\r\n<p>&nbsp;<\/p>\r\n<\/td>\r\n<\/tr>\r\n<tr>\r\n<td width=\"233\">\r\n<p><strong><em>Frauenwartin:<\/em><\/strong><\/p>\r\n<\/td>\r\n<td colspan=\"2\" width=\"263\">\r\n<p><strong><em>Andrea Wolff<\/em><\/strong><\/p>\r\n<p><em>D\u00fcrener Stra\u00dfe 41, 52428 J\u00fclich<\/em><\/p>\r\n<p><em>Tel.: 02461\/58866 + 53818<\/em><\/p>\r\n<p><em>Mobil: 0157 52841997<\/em><\/p>\r\n<p><a href=\"mailto:Frauenwartin@ski-gilde-juelich.de\">Frauenwartin@ski-gilde-juelich.de<\/a><\/p>\r\n<\/td>\r\n<td width=\"230\">\r\n<p>Wahlperiode: Block 1<\/p>\r\n<p>&nbsp;<\/p>\r\n<p>&nbsp;<\/p>\r\n<\/td>\r\n<\/tr>\r\n<tr>\r\n<td width=\"233\">\r\n<p><strong><em>Jugendwart:<\/em><\/strong><\/p>\r\n<\/td>\r\n<td colspan=\"2\" width=\"263\">\r\n<p><strong><em>Artur Faulhammer, <\/em><\/strong><\/p>\r\n<p><em>Goethestra\u00dfe 21b, 52445 Titz<\/em><\/p>\r\n<p><em>Tel: 02463 7969398<\/em><\/p>\r\n<p><em>Mobil: 01776765509<\/em><\/p>\r\n<p><a href=\"mailto:Jugendwart@ski-gilde-juelich.de\">Jugendwart@ski-gilde-juelich.de<\/a><\/p>\r\n<\/td>\r\n<td width=\"230\">\r\n<p>Wahlperiode: Block 2<\/p>\r\n<p>&nbsp;<\/p>\r\n<p>&nbsp;<\/p>\r\n<\/td>\r\n<\/tr>\r\n<tr>\r\n<td width=\"233\">\r\n<p><strong><em>Sportwart Alpin:<\/em><\/strong><\/p>\r\n<\/td>\r\n<td colspan=\"2\" width=\"263\">\r\n<p><strong><em>Herwig Labus<\/em><\/strong><\/p>\r\n<p><em>Petternicherstr. 9A, 52428 J\u00fclich<\/em><\/p>\r\n<p><em>Tel.: 02461 9958378<\/em><\/p>\r\n<p><em>Mobil 0160 6682617<\/em><\/p>\r\n<p><a href=\"mailto:SportwartAlpin@ski-gilde-juelich.de\">SportwartAlpin@ski-gilde-juelich.de<\/a><\/p>\r\n<\/td>\r\n<td width=\"230\">\r\n<p>Wahlperiode: Block 1<\/p>\r\n<p>&nbsp;<\/p>\r\n<p>&nbsp;<\/p>\r\n<\/td>\r\n<\/tr>\r\n<tr>\r\n<td width=\"233\">\r\n<p><strong><em>Sportwart Langlauf:<\/em><\/strong><\/p>\r\n<\/td>\r\n<td colspan=\"2\" width=\"263\">\r\n<p><strong><em>Helmut Rose<\/em><\/strong><\/p>\r\n<p><em>Schneiderstrasse 18, 52428 J\u00fclich<\/em><\/p>\r\n<p><em>Tel.: 02461 50747<\/em><\/p>\r\n<p><em>Mobil: <\/em>0171 5222979<\/p>\r\n<p>Sportwart <a href=\"mailto:Langlauf@ski-gilde-juelich.de\">Langlauf@ski-gilde-juelich.de<\/a><\/p>\r\n<\/td>\r\n<td width=\"230\">\r\n<p>Wahlperiode: Block 1<\/p>\r\n<p>&nbsp;<\/p>\r\n<p>&nbsp;<\/p>\r\n<p>&nbsp;<\/p>\r\n<\/td>\r\n<\/tr>\r\n<tr>\r\n<td width=\"233\">\r\n<p><strong><em>1. Beisitzer:\u00a0<\/em><\/strong><\/p>\r\n<\/td>\r\n<td colspan=\"2\" width=\"263\">\r\n<p><strong><em>Leni Spelthann<\/em><\/strong><\/p>\r\n<p><em>R\u00f6merstra\u00dfe 19a, 52428 J\u00fclich<\/em><\/p>\r\n<p><em>Tel.: <\/em>02461\/56456<\/p>\r\n<p><em>Mobil: <\/em>0162 1945810<\/p>\r\n<p><a href=\"mailto:I.Beisitzerin@ski-gilde-juelich.de\">I.Beisitzerin@ski-gilde-juelich.de<\/a><\/p>\r\n<\/td>\r\n<td width=\"230\">\r\n<p>Wahlperiode: Block 2<\/p>\r\n<p>&nbsp;<\/p>\r\n<p>&nbsp;<\/p>\r\n<p>&nbsp;<\/p>\r\n<\/td>\r\n<\/tr>\r\n<tr>\r\n<td width=\"233\">\r\n<p><strong><em>2. Beisitzer:\u00a0\u00a0<\/em><\/strong><\/p>\r\n<\/td>\r\n<td colspan=\"2\" width=\"263\">\r\n<p><strong><em>Verwaist<\/em><\/strong><\/p>\r\n<p><em>interessierte Mitglieder sind eingeladen, <\/em><\/p>\r\n<p><em>sich beim Schriftf\u00fchrer zu melden.<\/em><\/p>\r\n<p><a href=\"mailto:II.Beisitzerin@ski-gilde-juelich.de\"><span style=\"text-decoration: line-through;\">II.Beisitzerin@ski-gilde-juelich.de<\/span><\/a><\/p>\r\n<\/td>\r\n<td width=\"230\">\r\n<p>Wahlperiode: Block 1<\/p>\r\n<\/td>\r\n<\/tr>\r\n<tr>\r\n<td width=\"233\">\r\n<p><strong><em>3. Beisitzer:\u00a0\u00a0<\/em><\/strong><\/p>\r\n<\/td>\r\n<td colspan=\"2\" width=\"263\">\r\n<p><strong><em>D\u00f6nd\u00fc Hertel <\/em><\/strong><\/p>\r\n<p><em>Haus Ores II, 52382 Niederzier Krauthausen<\/em><\/p>\r\n<p><em>Mobil: +49 1522 1883589<\/em><\/p>\r\n<p><a href=\"mailto:III.Beisitzerin@ski-gilde-juelich.de\">III.Beisitzerin@ski-gilde-juelich.de<\/a><\/p>\r\n<\/td>\r\n<td width=\"230\">\r\n<p>Wahlperiode: Block 2<\/p>\r\n<p>&nbsp;<\/p>\r\n<p>&nbsp;<\/p>\r\n<\/td>\r\n<\/tr>\r\n<tr>\r\n<td width=\"233\">\r\n<p><strong><em>Ehrenvorsitzender:<\/em><\/strong><\/p>\r\n<\/td>\r\n<td colspan=\"2\" width=\"263\">\r\n<p><strong><em>Otto Hertel<\/em><\/strong><\/p>\r\n<p><em>Poststr. 12,, 52428 J\u00fclich<\/em><\/p>\r\n<p><em>Mobil: 0170 5458410<\/em><\/p>\r\n<p><a href=\"mailto:Ehrenvorsitzender@ski-gilde-juelich.de\">Ehrenvorsitzender@ski-gilde-juelich.de<\/a><\/p>\r\n<\/td>\r\n<td width=\"230\">\r\n<p>Wahlperiode: keine<\/p>\r\n<p>&nbsp;<\/p>\r\n<p>&nbsp;<\/p>\r\n<p>&nbsp;<\/p>\r\n<\/td>\r\n<\/tr>\r\n<tr>\r\n<td width=\"233\">\u00a0<\/td>\r\n<td colspan=\"2\" width=\"263\">\r\n<p><strong><em>\u00a0<\/em><\/strong><\/p>\r\n<\/td>\r\n<td width=\"230\">\u00a0<\/td>\r\n<\/tr>\r\n<tr>\r\n<td width=\"233\">\u00a0<\/td>\r\n<td width=\"9\">\u00a0<\/td>\r\n<td width=\"254\">\u00a0<\/td>\r\n<td width=\"230\">\u00a0<\/td>\r\n<\/tr>\r\n<tr>\r\n<td width=\"229\">\u00a0<\/td>\r\n<td width=\"9\">\u00a0<\/td>\r\n<td width=\"245\">\u00a0<\/td>\r\n<td width=\"224\">\u00a0<\/td>\r\n<\/tr>\r\n<\/tbody>\r\n<\/table>\r\n\u00a0 \u00a0 \u00a0\u00a0<\/figure>\r\n\r\n\r\n\r\n<p style=\"text-align: left;\">\u00a0<\/p>\r\n","protected":false},"excerpt":{"rendered":"<p>\u00a0 gem\u00e4\u00df Jahreshauptversammlung 2022 Erster Vorsitzender: Gerhard Hertel Haus Ores II, 52382 Niederzier Krauthausen Mobil: \u00a00172 6317532 1.Vorsitzender@ski-gilde-juelich.de Wahlperiode: Block 1 &nbsp; &nbsp; Zweite Vorsitzende: Katja Klafki Wendelinusstr. 17, 52428 J\u00fclich Tel.: +49 (2461) 6869108 Mobil: +49 015771308979 2.Vorsitzende@ski-gilde-juelich.de Wahlperiode: Block 2 &nbsp; &nbsp; Kassenwart: Armin M\u00fcller Brunnenstra\u00dfe 93, 50181 &#8230;<\/p>\n","protected":false},"author":1,"featured_media":0,"parent":0,"menu_order":0,"comment_status":"closed","ping_status":"closed","template":"","meta":{"footnotes":""},"class_list":["post-37","page","type-page","status-publish","hentry","column","threecol"],"_links":{"self":[{"href":"https:\/\/skigilde-juelich.de\/index.php?rest_route=\/wp\/v2\/pages\/37"}],"collection":[{"href":"https:\/\/skigilde-juelich.de\/index.php?rest_route=\/wp\/v2\/pages"}],"about":[{"href":"https:\/\/skigilde-juelich.de\/index.php?rest_route=\/wp\/v2\/types\/page"}],"author":[{"embeddable":true,"href":"https:\/\/skigilde-juelich.de\/index.php?rest_route=\/wp\/v2\/users\/1"}],"replies":[{"embeddable":true,"href":"https:\/\/skigilde-juelich.de\/index.php?rest_route=%2Fwp%2Fv2%2Fcomments&post=37"}],"version-history":[{"count":50,"href":"https:\/\/skigilde-juelich.de\/index.php?rest_route=\/wp\/v2\/pages\/37\/revisions"}],"predecessor-version":[{"id":496,"href":"https:\/\/skigilde-juelich.de\/index.php?rest_route=\/wp\/v2\/pages\/37\/revisions\/496"}],"wp:attachment":[{"href":"https:\/\/skigilde-juelich.de\/index.php?rest_route=%2Fwp%2Fv2%2Fmedia&parent=37"}],"curies":[{"name":"wp","href":"https:\/\/api.w.org\/{rel}","templated":true}]}}