{"id":262,"date":"2021-10-10T11:09:12","date_gmt":"2021-10-10T11:09:12","guid":{"rendered":"http:\/\/skigildejuelich.zems-gmbh.eu\/?page_id=262"},"modified":"2023-01-25T14:46:03","modified_gmt":"2023-01-25T14:46:03","slug":"familienskifahrt-ostern","status":"publish","type":"page","link":"http:\/\/skigilde-juelich.de\/?page_id=262","title":{"rendered":"Familienskifahrt Ostern"},"content":{"rendered":"\r\n<p><strong>Osterskifahrt ins <\/strong><strong>Zillertal nach Hippach<\/strong><\/p>\r\n\r\n\r\n\r\n<p><strong>vom 01.04.2023 bis zum 08.04.2023<\/strong><\/p>\r\n\r\n\r\n\r\n<p>Liebe Mitglieder der Ski-Gilde J\u00fclich,<\/p>\r\n\r\n\r\n\r\n<p>auch diese Saison m\u00f6chten wir gerne mit euch auf Tour gehen, und haben im Hotel Kirchbichlhof in Hippach einige Zimmer reserviert.<\/p>\r\n\r\n\r\n\r\n<p><strong>Unser Hotel:<\/strong><\/p>\r\n\r\n\r\n\r\n<p>Das Hotel Kirchbichlhof in Hippach liegt abseits der Hauptstra\u00dfe, am Sonnenhang in Mayrhofen-Hippach im Zillertal. Von unserem Hotel blickst Du weit durch das Zillertal.<\/p>\r\n\r\n\r\n\r\n<p>Wir liegen genau zwischen den Gro\u00dfraum-Skigebieten von Mayrhofen (Penken) und Zell (Zillertal Arena). Die Bushaltestelle in beide Richtungen befinden sich direkt vor dem Hoteleingang. Der Bus f\u00e4hrt ca. 6 \u2013 8 Minuten bis zum Skigebiet. Der imposante Hintertuxer Gletscher (bis 3.250 m) mit seinen langen Naturschnee-Pisten befindet sich in 23 km Entfernung, ist aber mit einer kurzen Busfahrt ebenfalls erreichbar.<\/p>\r\n\r\n\r\n\r\n<p><strong>Inklusivleistungen:<\/strong><\/p>\r\n\r\n\r\n\r\n<ul class=\"wp-block-list\">\r\n<li>Hotel mit \u00dcbernachtung und HP<\/li>\r\n\r\n\r\n\r\n<li>Kostenloses WLAN im ganzen Hotel<\/li>\r\n\r\n\r\n\r\n<li><strong>140\u20ac Skigilde-Zuschuss f\u00fcr den 6 Tages-Skipass f\u00fcr alle Kinder, Sch\u00fcler, Auszubildende oder Studenten, <u>die Mitglied in der Ski-Gilde sind<\/u>.<\/strong><\/li>\r\n<\/ul>\r\n\r\n\r\n\r\n<p>(Der 6 Tage-Skipass f\u00fcr Kinder kostet 141,50 \u20ac und ist somit fast kostenlos)<\/p>\r\n\r\n\r\n\r\n<p><strong>Hotelkosten:<\/strong><\/p>\r\n\r\n\r\n\r\n<figure class=\"wp-block-table\">\r\n<table>\r\n<tbody>\r\n<tr>\r\n<td>Zimmerpreise pro Woche inkl. HP, exkl. Kurtaxe<\/td>\r\n<td><strong>\u00a0 Mitglieder<\/strong><\/td>\r\n<td><strong>\u00a0Nichtmitglieder<\/strong><\/td>\r\n<\/tr>\r\n<tr>\r\n<td>\u00a0Doppelzimmer Erwachsene<\/td>\r\n<td><strong>500 \u20ac<\/strong><\/td>\r\n<td>581 \u20ac<\/td>\r\n<\/tr>\r\n<tr>\r\n<td>3. Person im Doppelzimmer Erwachsene + Kinder ab 13 Jahren<\/td>\r\n<td><strong>450 \u20ac<\/strong><\/td>\r\n<td>523 \u20ac<\/td>\r\n<\/tr>\r\n<tr>\r\n<td>3. Person im Doppelzimmer Kinder 7- 12 Jahren<\/td>\r\n<td><strong>350 \u20ac<\/strong><\/td>\r\n<td>407 \u20ac<\/td>\r\n<\/tr>\r\n<tr>\r\n<td>3. Person im Doppelzimmer Kinder 0- 6 Jahren<\/td>\r\n<td><strong>kostenlos<\/strong><\/td>\r\n<td>kostenlos<\/td>\r\n<\/tr>\r\n<tr>\r\n<td>Doppelzimmer zur Alleinbenutzung auf Anfrage<\/td>\r\n<td><strong>640 \u20ac<\/strong><\/td>\r\n<td>721 \u20ac<\/td>\r\n<\/tr>\r\n<tr>\r\n<td>Einzelzimmer im Gartenhaus<\/td>\r\n<td><strong>550 \u20ac<\/strong><\/td>\r\n<td>616 \u20ac<\/td>\r\n<\/tr>\r\n<\/tbody>\r\n<\/table>\r\n<\/figure>\r\n\r\n\r\n\r\n<p>Familienzimmer f\u00fcr 4 Personen auf Anfrage.<\/p>\r\n\r\n\r\n\r\n<p>Zimmerpreise sind exkl. Kurtaxe.<\/p>\r\n\r\n\r\n\r\n<p>Uns steht nur ein begrenztes Kontingent zur Verf\u00fcgung. Bitte unbedingt die Anmeldefrist beachten.<\/p>\r\n\r\n\r\n\r\n<p>Die Anreise erfolgt in Eigenregie. Es findet bei dieser Familientour keine Skibetreuung statt.<\/p>\r\n\r\n\r\n\r\n<p><strong>Weitere Informationen \u00fcber Armin M\u00fcller,<\/strong><\/p>\r\n\r\n\r\n\r\n<p><strong>oder \u00fcber die Internetseite des Hotels: \u00a0\u00a0\u00a0\u00a0<\/strong><a href=\"http:\/\/www.kirchbichlhof.at\"><strong>http:\/\/www.kirchbichlhof.at<\/strong><\/a><\/p>\r\n\r\n\r\n\r\n<p><strong><u>Skifahren mit Freunden, es gibt nichts Sch\u00f6neres!<\/u><\/strong><\/p>\r\n\r\n\r\n\r\n<p><em>\r\n\r\n<\/em><\/p>\r\n<p><em>\r\n\r\n<\/em><\/p>\r\n<p style=\"text-align: center;\">\u00a0<\/p>\r\n<p><em><strong>\r\n\r\n<\/strong><\/em><\/p>\r\n<p style=\"text-align: center;\"><strong>Anmeldung bitte ausf\u00fcllen :<\/strong><\/p>\r\n<p style=\"text-align: center;\"><strong>\r\n\r\n<\/strong><\/p>\r\n<div style=\"text-align: center;\"><span style=\"color: #0000ff;\"><strong><a id=\"wp-block-file--media-5649c53f-0308-4d3d-985d-b0b6efbb44bf\" style=\"color: #0000ff;\" href=\"http:\/\/skigilde-juelich.de\/wp-content\/uploads\/2023\/01\/Osterskifahrt-2023-Anmeldung.docx\">Osterskifahrt-2023-Anmeldung<\/a><\/strong><\/span><\/div>\r\n<p class=\"has-black-color has-text-color has-medium-font-size\" style=\"text-align: center;\"><em><strong>\r\n\r\n<\/strong><\/em><\/p>\r\n<p style=\"text-align: center;\">\u00a0<\/p>\r\n<p class=\"has-black-color has-text-color has-medium-font-size\"><\/p>","protected":false},"excerpt":{"rendered":"<p>Osterskifahrt ins Zillertal nach Hippach vom 01.04.2023 bis zum 08.04.2023 Liebe Mitglieder der Ski-Gilde J\u00fclich, auch diese Saison m\u00f6chten wir gerne mit euch auf Tour gehen, und haben im Hotel Kirchbichlhof in Hippach einige Zimmer reserviert. Unser Hotel: Das Hotel Kirchbichlhof in Hippach liegt abseits der Hauptstra\u00dfe, am Sonnenhang in &#8230;<\/p>\n","protected":false},"author":1,"featured_media":0,"parent":0,"menu_order":0,"comment_status":"closed","ping_status":"closed","template":"","meta":{"footnotes":""},"class_list":["post-262","page","type-page","status-publish","hentry","column","threecol"],"_links":{"self":[{"href":"http:\/\/skigilde-juelich.de\/index.php?rest_route=\/wp\/v2\/pages\/262"}],"collection":[{"href":"http:\/\/skigilde-juelich.de\/index.php?rest_route=\/wp\/v2\/pages"}],"about":[{"href":"http:\/\/skigilde-juelich.de\/index.php?rest_route=\/wp\/v2\/types\/page"}],"author":[{"embeddable":true,"href":"http:\/\/skigilde-juelich.de\/index.php?rest_route=\/wp\/v2\/users\/1"}],"replies":[{"embeddable":true,"href":"http:\/\/skigilde-juelich.de\/index.php?rest_route=%2Fwp%2Fv2%2Fcomments&post=262"}],"version-history":[{"count":13,"href":"http:\/\/skigilde-juelich.de\/index.php?rest_route=\/wp\/v2\/pages\/262\/revisions"}],"predecessor-version":[{"id":489,"href":"http:\/\/skigilde-juelich.de\/index.php?rest_route=\/wp\/v2\/pages\/262\/revisions\/489"}],"wp:attachment":[{"href":"http:\/\/skigilde-juelich.de\/index.php?rest_route=%2Fwp%2Fv2%2Fmedia&parent=262"}],"curies":[{"name":"wp","href":"https:\/\/api.w.org\/{rel}","templated":true}]}}