{"id":149,"date":"2019-07-25T10:53:28","date_gmt":"2019-07-25T10:53:28","guid":{"rendered":"http:\/\/skigildejuelich.zems-gmbh.eu\/?page_id=149"},"modified":"2021-11-03T16:40:28","modified_gmt":"2021-11-03T16:40:28","slug":"dddf","status":"publish","type":"page","link":"http:\/\/skigilde-juelich.de\/","title":{"rendered":""},"content":{"rendered":"\n<p>Herzlich willkommen beim Sportverein&nbsp;<strong><em>Ski-Gilde J\u00fclich<\/em><\/strong>!<\/p>\n\n\n\n<p>Hier pr\u00e4sentieren wir unseren Verein und freuen uns \u00fcber Ihren Besuch. Unser Internet-Auftritt bietet Ihnen die M\u00f6glichkeit, die Ski-Gilde J\u00fclich und deren Aktivit\u00e4ten und Angebote kennenzulernen. In unserem Downloadbereich finden Sie Informationen zu unseren Aktivit\u00e4ten, dem Vorstand, und ein Anmeldeformular\u00a0mit den seit 30.03.1995 g\u00fcltigen Jahresbeitr\u00e4gen. Offene Fragen beantworten wir nat\u00fcrlich auch gerne \u00fcber unsere Kontaktadresse.<\/p>\n\n\n\n<p>Die Mitglieder der Ski-Gilde sind alle Sportbegeisterte und verr\u00fcckt nach Skifahren. Wir f\u00f6rdern, pflegen und lieben das Skifahren \u2013 vor allem in der freien Natur. Im Winter bietet die Ski-Gilde J\u00fclich seinen Mitgliedern neben der Skigymnastik Skireisen in verschiedene attraktive Skigebiete der Alpen an. In der schneearmen Zeit wird gewandert, geradelt, geturnt und das Vereinsleben gepflegt. Unsere Ski-Kids sind uns wichtig und unternehmen zwei Touren im Herbst und Winter. Neben Segelt\u00f6rns gab und gibt es viele andere legend\u00e4re Angebote wie Vereinsmeisterschaften, Skibasar, Grillabende, Vereinsfeste und vieles mehr. Unser vielf\u00e4ltiges und offenes Vereinsleben l\u00e4sst uns Spielraum f\u00fcr neue Anregungen, aber wir pflegen auch unsere Traditionen. Wenn manche meinen, Gilde h\u00f6rt sich nach Karnevalsverein an, der t\u00e4uscht sich. Wir sind ein gut gef\u00fchrter und erfolgreicher&nbsp;<strong>Sportverein<\/strong>! Wir hoffen, ihr Interesse geweckt zu haben und freuen uns \u00fcber jede R\u00fcckmeldung z. B. in unserem G\u00e4stebuch.<\/p>\n\n\n\n<p>Wir w\u00fcnschen ihnen viel Spa\u00df beim Erkunden unserer Website.<\/p>\n","protected":false},"excerpt":{"rendered":"<p>Herzlich willkommen beim Sportverein&nbsp;Ski-Gilde J\u00fclich! Hier pr\u00e4sentieren wir unseren Verein und freuen uns \u00fcber Ihren Besuch. Unser Internet-Auftritt bietet Ihnen die M\u00f6glichkeit, die Ski-Gilde J\u00fclich und deren Aktivit\u00e4ten und Angebote kennenzulernen. In unserem Downloadbereich finden Sie Informationen zu unseren Aktivit\u00e4ten, dem Vorstand, und ein Anmeldeformular\u00a0mit den seit 30.03.1995 g\u00fcltigen Jahresbeitr\u00e4gen. &#8230;<\/p>\n","protected":false},"author":1,"featured_media":0,"parent":0,"menu_order":0,"comment_status":"closed","ping_status":"closed","template":"","meta":{"footnotes":""},"class_list":["post-149","page","type-page","status-publish","hentry","column","threecol"],"_links":{"self":[{"href":"http:\/\/skigilde-juelich.de\/index.php?rest_route=\/wp\/v2\/pages\/149"}],"collection":[{"href":"http:\/\/skigilde-juelich.de\/index.php?rest_route=\/wp\/v2\/pages"}],"about":[{"href":"http:\/\/skigilde-juelich.de\/index.php?rest_route=\/wp\/v2\/types\/page"}],"author":[{"embeddable":true,"href":"http:\/\/skigilde-juelich.de\/index.php?rest_route=\/wp\/v2\/users\/1"}],"replies":[{"embeddable":true,"href":"http:\/\/skigilde-juelich.de\/index.php?rest_route=%2Fwp%2Fv2%2Fcomments&post=149"}],"version-history":[{"count":6,"href":"http:\/\/skigilde-juelich.de\/index.php?rest_route=\/wp\/v2\/pages\/149\/revisions"}],"predecessor-version":[{"id":431,"href":"http:\/\/skigilde-juelich.de\/index.php?rest_route=\/wp\/v2\/pages\/149\/revisions\/431"}],"wp:attachment":[{"href":"http:\/\/skigilde-juelich.de\/index.php?rest_route=%2Fwp%2Fv2%2Fmedia&parent=149"}],"curies":[{"name":"wp","href":"https:\/\/api.w.org\/{rel}","templated":true}]}}